{"id":356,"date":"2024-12-18T13:36:37","date_gmt":"2024-12-18T18:36:37","guid":{"rendered":"https:\/\/www.bomberospedernales.gob.ec\/?page_id=356"},"modified":"2024-12-23T19:18:01","modified_gmt":"2024-12-24T00:18:01","slug":"concurso-publico","status":"publish","type":"page","link":"https:\/\/www.bomberospedernales.gob.ec\/index.php\/concurso-publico\/","title":{"rendered":"Concurso P\u00fablico"},"content":{"rendered":"\t\t<div data-elementor-type=\"wp-page\" data-elementor-id=\"356\" class=\"elementor elementor-356\">\n\t\t\t\t\t\t<section class=\"elementor-section elementor-top-section elementor-element elementor-element-ada1cab elementor-section-boxed elementor-section-height-default elementor-section-height-default\" data-id=\"ada1cab\" data-element_type=\"section\">\n\t\t\t\t\t\t<div class=\"elementor-container elementor-column-gap-default\">\n\t\t\t\t\t<div class=\"elementor-column elementor-col-100 elementor-top-column elementor-element elementor-element-286541f\" data-id=\"286541f\" data-element_type=\"column\">\n\t\t\t<div class=\"elementor-widget-wrap elementor-element-populated\">\n\t\t\t\t\t\t<div class=\"elementor-element elementor-element-7a6c130 elementor-widget__width-inherit elementor-widget elementor-widget-heading\" data-id=\"7a6c130\" data-element_type=\"widget\" data-widget_type=\"heading.default\">\n\t\t\t\t<div class=\"elementor-widget-container\">\n\t\t\t\t\t<h4 class=\"elementor-heading-title elementor-size-default\">Concurso p\u00fablico de selecci\u00f3n de un gestor de derecho privado para la conformaci\u00f3n de la compa\u00f1\u00eda de econom\u00eda mixta de los Cuerpos de Bomberos de Manab\u00ed<\/h4>\t\t\t\t<\/div>\n\t\t\t\t<\/div>\n\t\t\t\t\t<\/div>\n\t\t<\/div>\n\t\t\t\t\t<\/div>\n\t\t<\/section>\n\t\t\t\t<section class=\"elementor-section elementor-top-section elementor-element elementor-element-fee4fe2 elementor-section-boxed elementor-section-height-default elementor-section-height-default\" data-id=\"fee4fe2\" data-element_type=\"section\">\n\t\t\t\t\t\t<div class=\"elementor-container elementor-column-gap-default\">\n\t\t\t\t\t<div class=\"elementor-column elementor-col-100 elementor-top-column elementor-element elementor-element-55fba36\" data-id=\"55fba36\" data-element_type=\"column\">\n\t\t\t<div class=\"elementor-widget-wrap elementor-element-populated\">\n\t\t\t\t\t\t<div class=\"elementor-element elementor-element-0ffc005 elementor-align-right elementor-widget elementor-widget-button\" data-id=\"0ffc005\" data-element_type=\"widget\" data-widget_type=\"button.default\">\n\t\t\t\t<div class=\"elementor-widget-container\">\n\t\t\t\t\t\t\t\t\t<div class=\"elementor-button-wrapper\">\n\t\t\t\t\t<a class=\"elementor-button elementor-button-link elementor-size-sm\" href=\"https:\/\/www.bomberospedernales.gob.ec\/index.php\/sustanciacion-concurso-publico\/\">\n\t\t\t\t\t\t<span class=\"elementor-button-content-wrapper\">\n\t\t\t\t\t\t<span class=\"elementor-button-icon\">\n\t\t\t\t<i aria-hidden=\"true\" class=\"fas fa-download\"><\/i>\t\t\t<\/span>\n\t\t\t\t\t\t\t\t\t<span class=\"elementor-button-text\">Ver archivos del concurso<\/span>\n\t\t\t\t\t<\/span>\n\t\t\t\t\t<\/a>\n\t\t\t\t<\/div>\n\t\t\t\t\t\t\t\t<\/div>\n\t\t\t\t<\/div>\n\t\t\t\t\t<\/div>\n\t\t<\/div>\n\t\t\t\t\t<\/div>\n\t\t<\/section>\n\t\t\t\t<section class=\"elementor-section elementor-top-section elementor-element elementor-element-527fd155 elementor-section-boxed elementor-section-height-default elementor-section-height-default\" data-id=\"527fd155\" data-element_type=\"section\">\n\t\t\t\t\t\t<div class=\"elementor-container elementor-column-gap-default\">\n\t\t\t\t\t<div class=\"elementor-column elementor-col-100 elementor-top-column elementor-element elementor-element-7822a0a1\" data-id=\"7822a0a1\" data-element_type=\"column\">\n\t\t\t<div class=\"elementor-widget-wrap elementor-element-populated\">\n\t\t\t\t\t\t<div class=\"elementor-element elementor-element-7787d61 elementor-widget elementor-widget-text-editor\" data-id=\"7787d61\" data-element_type=\"widget\" data-widget_type=\"text-editor.default\">\n\t\t\t\t<div class=\"elementor-widget-container\">\n\t\t\t\t\t\t\t\t\t<figure style=\"float: left; margin: 0 0 0 0px; padding: 10px 0 10px 0px;\"><img decoding=\"async\" style=\"width: 415px; height: 400px;\" src=\"https:\/\/www.bomberospedernales.gob.ec\/wp-content\/uploads\/2024\/12\/CONVOCATORIA-EL-DIARIO-901x1024.png\" alt=\"CONVOCATORIA\" \/><\/figure>\n<p style=\"text-align: justify;\">Los Benem\u00e9ritos Cuerpos de Bomberos de\u00a0los cantones Flavio Alfaro, Jipijapa, Pedernales, San Vicente y Tosagua <b>CONVOCAN<\/b> a las personas naturales y\u00a0jur\u00eddicas, nacionales o extranjeras, asociaciones de \u00e9stas o consorcios,\u00a0compromisos de asociaci\u00f3n o de consorcio, legalmente capaces para contratar, que\u00a0est\u00e9n interesadas en participar en el <b><i>Concurso p\u00fablico de selecci\u00f3n de un\u00a0gestor de derecho privado para la conformaci\u00f3n de la compa\u00f1\u00eda de econom\u00eda mixta\u00a0de los Cuerpos de Bomberos de Manab\u00ed<\/i><\/b>.<\/p>\nLas condiciones generales de esta\u00a0convocatoria son las siguientes:\n<p style=\"text-align: justify;\"><b>1)<\/b> El pliego del concurso\u00a0est\u00e1 disponible, sin ning\u00fan costo, en la p\u00e1gina web institucional <b>https:\/\/www.bomberospedernales.gob.ec\/<\/b><\/p>\n<p style=\"text-align: justify;\"><b>2)<\/b> Los interesados podr\u00e1n\u00a0formular preguntas en el t\u00e9rmino de UN (1) d\u00eda, contado a partir de la fecha\u00a0de publicaci\u00f3n de la presente convocatoria, de acuerdo con lo establecido en el\u00a0pliego del concurso p\u00fablico; y, en un t\u00e9rmino m\u00e1ximo de UN (1) d\u00eda posterior,\u00a0la Comisi\u00f3n T\u00e9cnica absolver\u00e1 tales preguntas y realizar\u00e1 las aclaraciones\u00a0necesarias, de ser el caso.<\/p>\n<p style=\"text-align: justify;\"><b>3)<\/b> El concurso p\u00fablico se\u00a0realizar\u00e1 en dos etapas:\u00a0<b>a)\u00a0<\/b>Habilitaci\u00f3n de oferentes (Oferta T\u00e9cnica); y,\u00a0<b>b)<\/b> Evaluaci\u00f3n de Oferta Econ\u00f3mica.<\/p>\n<p style=\"text-align: justify;\"><b>4)<\/b> Las ofertas t\u00e9cnica y\u00a0econ\u00f3mica se presentar\u00e1n, en sobres separados y sellados, dentro del t\u00e9rmino de\u00a0CINCO (5) d\u00edas contados a partir de la convocatoria, esto es, hasta las 10h00\u00a0del 07 de enero de 2025, en las oficinas del Cuerpo de Bomberos de Pedernales.<\/p>\n<p style=\"text-align: justify;\"><b>5)<\/b> La apertura de los sobres\u00a0de <b>oferta t\u00e9cnica<\/b> se realizar\u00e1 una hora m\u00e1s tarde de la hora m\u00e1xima\u00a0prevista para su recepci\u00f3n. La Comisi\u00f3n T\u00e9cnica revisar\u00e1 \u00fanicamente las <b>ofertas\u00a0econ\u00f3micas<\/b> de los oferentes habilitados, en la fecha establecida en el cronograma\u00a0del presente concurso p\u00fablico.<\/p>\n<p style=\"text-align: justify;\"><b>6)<\/b> Las ofertas, tanto t\u00e9cnica\u00a0como econ\u00f3mica, deber\u00e1n presentarse por la totalidad de la contrataci\u00f3n, dentro\u00a0de los t\u00e9rminos correspondientes previstos en el cronograma del presente\u00a0concurso.<\/p>\n<p style=\"text-align: justify;\"><b>7) <\/b>La evaluaci\u00f3n de las\u00a0ofertas se realizar\u00e1 aplicando los par\u00e1metros de calificaci\u00f3n previstos en el\u00a0pliego.<\/p>\n<p style=\"text-align: justify;\"><b>8) <\/b>El concurso p\u00fablico se sustanciar\u00e1 de conformidad con el siguiente cronograma:<\/p>\n<img fetchpriority=\"high\" decoding=\"async\" class=\"aligncenter\" style=\"width: 574px; height: 333px;\" src=\"https:\/\/www.bomberospedernales.gob.ec\/wp-content\/uploads\/2024\/12\/cronograma.png\" alt=\"CRONOGRAMA\" width=\"574\" height=\"333\" \/><\/br>\n<p style=\"text-align: justify;\"><b>9)<\/b>\nEl presente concurso p\u00fablico se sujetar\u00e1 a lo previsto en:<\/br>&#8211; La Constituci\u00f3n de la Rep\u00fablica;<\/br>&#8211; La Ley de Compa\u00f1\u00edas;<\/br>&#8211; El pliego del concurso p\u00fablico, aprobado por los Cuerpos de Bomberos convocantes;<\/br>&#8211; Supletoriamente, a las disposiciones expresamente invocadas de la Ley Org\u00e1nica de Empresas P\u00fablicas, de la Ley Org\u00e1nica del Sistema Nacional de Contrataci\u00f3n P\u00fablica invocadas, y Reglamento General aplicativo.<\/p>\n<p style=\"text-align: right; line-height: 115%;\" align=\"right\"><span lang=\"ES-TRAD\" style=\"font-family: 'Arial',sans-serif;\">Pedernales, 26 de diciembre de 2024<\/span><\/p>\n<p style=\"text-align: center; line-height: 115%;\" align=\"center\"><span lang=\"ES-TRAD\" style=\"font-family: 'Arial',sans-serif;\">\u00a0<\/span><\/p>\n<p style=\"text-align: center; line-height: 115%;\" align=\"center\"><span lang=\"ES-TRAD\" style=\"font-family: 'Arial',sans-serif;\">TCrnel. (B) Milton Canchingre Arteaga<\/span><\/br>\n<b>Primer Jefe<\/br>\nBenem\u00e9rito Cuerpo de Bomberos de Pedernales<\/b><\/p>\n<!-- \/wp:paragraph -->\t\t\t\t\t\t\t\t<\/div>\n\t\t\t\t<\/div>\n\t\t\t\t\t<\/div>\n\t\t<\/div>\n\t\t\t\t\t<\/div>\n\t\t<\/section>\n\t\t\t\t<section class=\"elementor-section elementor-top-section elementor-element elementor-element-2d4f7fc elementor-section-boxed elementor-section-height-default elementor-section-height-default\" data-id=\"2d4f7fc\" data-element_type=\"section\">\n\t\t\t\t\t\t<div class=\"elementor-container elementor-column-gap-default\">\n\t\t\t\t\t<div class=\"elementor-column elementor-col-100 elementor-top-column elementor-element elementor-element-50a078c\" data-id=\"50a078c\" data-element_type=\"column\">\n\t\t\t<div class=\"elementor-widget-wrap elementor-element-populated\">\n\t\t\t\t\t\t<div class=\"elementor-element elementor-element-1b264b1 elementor-widget elementor-widget-text-editor\" data-id=\"1b264b1\" data-element_type=\"widget\" data-widget_type=\"text-editor.default\">\n\t\t\t\t<div class=\"elementor-widget-container\">\n\t\t\t\t\t\t\t\t\t<div style=\"color: #ffffff; float: left;\">\n\n<b>Benem\u00e9ritos Cuerpos de Bomberos de:<\/b>\n<ul>\n \t<li>Flavio Alfaro<\/li>\n \t<li>Jipijapa<\/li>\n \t<li>Pedernales<\/li>\n \t<li>San Vicente<\/li>\n \t<li>Tosagua<\/li>\n<\/ul>\n<\/div>\n<div style=\"float: right;\">\n<figure style=\"float: left;\"><img decoding=\"async\" style=\"width: 152px; height: 166px;\" src=\"https:\/\/www.bomberospedernales.gob.ec\/wp-content\/uploads\/2024\/12\/CBM-WHITE-2.png\" alt=\"CBM_logo\" \/><\/figure>\n<\/div>\t\t\t\t\t\t\t\t<\/div>\n\t\t\t\t<\/div>\n\t\t\t\t\t<\/div>\n\t\t<\/div>\n\t\t\t\t\t<\/div>\n\t\t<\/section>\n\t\t\t\t<\/div>\n\t\t","protected":false},"excerpt":{"rendered":"<p>Concurso p\u00fablico de selecci\u00f3n de un gestor de derecho privado para la conformaci\u00f3n de la compa\u00f1\u00eda de econom\u00eda mixta de los Cuerpos de Bomberos de Manab\u00ed Ver archivos del concurso Los Benem\u00e9ritos Cuerpos de Bomberos de\u00a0los cantones Flavio Alfaro, Jipijapa, Pedernales, San Vicente y Tosagua CONVOCAN a las personas naturales y\u00a0jur\u00eddicas, nacionales o extranjeras, asociaciones [&hellip;]<\/p>\n","protected":false},"author":2,"featured_media":0,"parent":0,"menu_order":0,"comment_status":"closed","ping_status":"closed","template":"","meta":{"om_disable_all_campaigns":false,"_monsterinsights_skip_tracking":false,"_monsterinsights_sitenote_active":false,"_monsterinsights_sitenote_note":"","_monsterinsights_sitenote_category":0,"site-sidebar-layout":"default","site-content-layout":"","ast-site-content-layout":"default","site-content-style":"default","site-sidebar-style":"default","ast-global-header-display":"","ast-banner-title-visibility":"","ast-main-header-display":"","ast-hfb-above-header-display":"","ast-hfb-below-header-display":"","ast-hfb-mobile-header-display":"","site-post-title":"disabled","ast-breadcrumbs-content":"","ast-featured-img":"","footer-sml-layout":"","theme-transparent-header-meta":"","adv-header-id-meta":"","stick-header-meta":"","header-above-stick-meta":"","header-main-stick-meta":"","header-below-stick-meta":"","astra-migrate-meta-layouts":"set","ast-page-background-enabled":"default","ast-page-background-meta":{"desktop":{"background-color":"var(--ast-global-color-4)","background-image":"","background-repeat":"repeat","background-position":"center center","background-size":"auto","background-attachment":"scroll","background-type":"","background-media":"","overlay-type":"","overlay-color":"","overlay-opacity":"","overlay-gradient":""},"tablet":{"background-color":"","background-image":"","background-repeat":"repeat","background-position":"center center","background-size":"auto","background-attachment":"scroll","background-type":"","background-media":"","overlay-type":"","overlay-color":"","overlay-opacity":"","overlay-gradient":""},"mobile":{"background-color":"","background-image":"","background-repeat":"repeat","background-position":"center center","background-size":"auto","background-attachment":"scroll","background-type":"","background-media":"","overlay-type":"","overlay-color":"","overlay-opacity":"","overlay-gradient":""}},"ast-content-background-meta":{"desktop":{"background-color":"var(--ast-global-color-5)","background-image":"","background-repeat":"repeat","background-position":"center center","background-size":"auto","background-attachment":"scroll","background-type":"","background-media":"","overlay-type":"","overlay-color":"","overlay-opacity":"","overlay-gradient":""},"tablet":{"background-color":"var(--ast-global-color-5)","background-image":"","background-repeat":"repeat","background-position":"center center","background-size":"auto","background-attachment":"scroll","background-type":"","background-media":"","overlay-type":"","overlay-color":"","overlay-opacity":"","overlay-gradient":""},"mobile":{"background-color":"var(--ast-global-color-5)","background-image":"","background-repeat":"repeat","background-position":"center center","background-size":"auto","background-attachment":"scroll","background-type":"","background-media":"","overlay-type":"","overlay-color":"","overlay-opacity":"","overlay-gradient":""}},"footnotes":""},"class_list":["post-356","page","type-page","status-publish","hentry"],"aioseo_notices":[],"_links":{"self":[{"href":"https:\/\/www.bomberospedernales.gob.ec\/index.php\/wp-json\/wp\/v2\/pages\/356","targetHints":{"allow":["GET"]}}],"collection":[{"href":"https:\/\/www.bomberospedernales.gob.ec\/index.php\/wp-json\/wp\/v2\/pages"}],"about":[{"href":"https:\/\/www.bomberospedernales.gob.ec\/index.php\/wp-json\/wp\/v2\/types\/page"}],"author":[{"embeddable":true,"href":"https:\/\/www.bomberospedernales.gob.ec\/index.php\/wp-json\/wp\/v2\/users\/2"}],"replies":[{"embeddable":true,"href":"https:\/\/www.bomberospedernales.gob.ec\/index.php\/wp-json\/wp\/v2\/comments?post=356"}],"version-history":[{"count":182,"href":"https:\/\/www.bomberospedernales.gob.ec\/index.php\/wp-json\/wp\/v2\/pages\/356\/revisions"}],"predecessor-version":[{"id":1013,"href":"https:\/\/www.bomberospedernales.gob.ec\/index.php\/wp-json\/wp\/v2\/pages\/356\/revisions\/1013"}],"wp:attachment":[{"href":"https:\/\/www.bomberospedernales.gob.ec\/index.php\/wp-json\/wp\/v2\/media?parent=356"}],"curies":[{"name":"wp","href":"https:\/\/api.w.org\/{rel}","templated":true}]}}