{"id":50,"date":"2022-09-07T16:58:30","date_gmt":"2022-09-07T16:58:30","guid":{"rendered":"https:\/\/www.bomberospedernales.gob.ec\/?page_id=50"},"modified":"2022-09-08T13:02:54","modified_gmt":"2022-09-08T18:02:54","slug":"valores","status":"publish","type":"page","link":"https:\/\/www.bomberospedernales.gob.ec\/index.php\/valores\/","title":{"rendered":"Valores"},"content":{"rendered":"\t\t<div data-elementor-type=\"wp-page\" data-elementor-id=\"50\" class=\"elementor elementor-50\">\n\t\t\t\t\t\t<section class=\"elementor-section elementor-top-section elementor-element elementor-element-1939a321 elementor-section-height-min-height elementor-section-boxed elementor-section-height-default elementor-section-items-middle\" data-id=\"1939a321\" data-element_type=\"section\" data-settings=\"{&quot;background_background&quot;:&quot;classic&quot;}\">\n\t\t\t\t\t\t<div class=\"elementor-container elementor-column-gap-default\">\n\t\t\t\t\t<div class=\"elementor-column elementor-col-100 elementor-top-column elementor-element elementor-element-7700907c\" data-id=\"7700907c\" data-element_type=\"column\">\n\t\t\t<div class=\"elementor-widget-wrap elementor-element-populated\">\n\t\t\t\t\t\t<div class=\"elementor-element elementor-element-17451f72 elementor-widget elementor-widget-heading\" data-id=\"17451f72\" data-element_type=\"widget\" data-widget_type=\"heading.default\">\n\t\t\t\t<div class=\"elementor-widget-container\">\n\t\t\t\t\t<h2 class=\"elementor-heading-title elementor-size-default\">Valores<\/h2>\t\t\t\t<\/div>\n\t\t\t\t<\/div>\n\t\t\t\t\t<\/div>\n\t\t<\/div>\n\t\t\t\t\t<\/div>\n\t\t<\/section>\n\t\t\t\t<section class=\"elementor-section elementor-top-section elementor-element elementor-element-c616b75 elementor-section-boxed elementor-section-height-default elementor-section-height-default\" data-id=\"c616b75\" data-element_type=\"section\">\n\t\t\t\t\t\t<div class=\"elementor-container elementor-column-gap-default\">\n\t\t\t\t\t<div class=\"elementor-column elementor-col-100 elementor-top-column elementor-element elementor-element-7003510\" data-id=\"7003510\" data-element_type=\"column\">\n\t\t\t<div class=\"elementor-widget-wrap elementor-element-populated\">\n\t\t\t\t\t\t<div class=\"elementor-element elementor-element-cb16811 elementor-invisible elementor-widget elementor-widget-text-editor\" data-id=\"cb16811\" data-element_type=\"widget\" data-settings=\"{&quot;_animation&quot;:&quot;fadeIn&quot;}\" data-widget_type=\"text-editor.default\">\n\t\t\t\t<div class=\"elementor-widget-container\">\n\t\t\t\t\t\t\t\t\t<p>El Cuerpo de Bomberos de Pedernales se basa en los siguientes valores:<\/p><p><strong>Abnegaci\u00f3n.<\/strong> &#8211; Dejando atr\u00e1s los intereses y temores propios con el objetivo de servir a los que m\u00e1s lo necesitan, as\u00ed como a la comunidad en general.<\/p><p><strong>Disciplina. &#8211;<\/strong> La disciplina es un valor fundamental que nos dota de la fortaleza y templanza ante las adversidades que se presentan d\u00eda a d\u00eda. Es la obediencia a su labor acorde con la responsabilidad y cumplimiento en las actividades que han sido designados.<\/p><p><strong>\u00c9tica. &#8211;<\/strong> Correcto comportamiento moral y excelente desempe\u00f1o en su gesti\u00f3n.<\/p><p><strong>Compromiso: <\/strong>Convicci\u00f3n personal en el desempe\u00f1o responsable de las tareas a su cargo para el fiel cumplimiento de la Misi\u00f3n y Visi\u00f3n Institucional.<\/p><p><strong>Respeto.<\/strong> &#8211; Reconocer los deberes y derechos y obligaciones de los clientes internos (servidores) y externos (ciudadan\u00eda).<\/p><p><strong>Di\u00e1logo y Comunicaci\u00f3n.<\/strong> &#8211; Herramienta para mantener fluidez en la informaci\u00f3n, transformando al cliente interno y al cliente externo en un ente participativo e integrante en la toma de decisiones.<\/p><p><strong>Lealtad:<\/strong> Instituci\u00f3n comprometida con la comunidad para salvar vidas y proteger bienes.<\/p><p>Respeto: Consideraci\u00f3n con las actitudes y normas legales.<\/p><p><strong>Responsabilidad: <\/strong>Obligaci\u00f3n moral y cualidades de responder con las acciones designadas y custodia del bien p\u00fablico.<\/p><p><strong>Honradez:<\/strong> Respetar los bienes de la instituci\u00f3n y de la comunidad conforme la Ley.<\/p><p><strong>Valent\u00ed\u00ada:<\/strong> Cualidades de enfrentar los riesgos con acciones que permitan el fiel cumplimiento de la misi\u00f3n institucional en beneficio de la comunidad afectada.<\/p><p><strong>Trabajo en Equipo:<\/strong> Cumplir con los objetivos planteados en forma coordinada e integrada al talento humano y los acuerdos interinstitucionales.<\/p><p><strong>Solidaridad:<\/strong> Compartir y brindar a la comunidad el apoyo y la ayuda cuando lo requieran.<\/p><p><strong>Car\u00e1cter voluntario:<\/strong> Colaboraci\u00f3n e integraci\u00f3n con los habitantes del Cant\u00f3n, quienes brindan su contingente incondicional.<\/p>\t\t\t\t\t\t\t\t<\/div>\n\t\t\t\t<\/div>\n\t\t\t\t\t<\/div>\n\t\t<\/div>\n\t\t\t\t\t<\/div>\n\t\t<\/section>\n\t\t\t\t<\/div>\n\t\t","protected":false},"excerpt":{"rendered":"<p>Valores El Cuerpo de Bomberos de Pedernales se basa en los siguientes valores: Abnegaci\u00f3n. &#8211; Dejando atr\u00e1s los intereses y temores propios con el objetivo de servir a los que m\u00e1s lo necesitan, as\u00ed como a la comunidad en general. Disciplina. &#8211; La disciplina es un valor fundamental que nos dota de la fortaleza y [&hellip;]<\/p>\n","protected":false},"author":1,"featured_media":0,"parent":0,"menu_order":0,"comment_status":"closed","ping_status":"closed","template":"","meta":{"om_disable_all_campaigns":false,"_monsterinsights_skip_tracking":false,"_monsterinsights_sitenote_active":false,"_monsterinsights_sitenote_note":"","_monsterinsights_sitenote_category":0,"site-sidebar-layout":"no-sidebar","site-content-layout":"page-builder","ast-site-content-layout":"","site-content-style":"default","site-sidebar-style":"default","ast-global-header-display":"","ast-banner-title-visibility":"","ast-main-header-display":"","ast-hfb-above-header-display":"","ast-hfb-below-header-display":"","ast-hfb-mobile-header-display":"","site-post-title":"disabled","ast-breadcrumbs-content":"","ast-featured-img":"disabled","footer-sml-layout":"","theme-transparent-header-meta":"","adv-header-id-meta":"","stick-header-meta":"","header-above-stick-meta":"","header-main-stick-meta":"","header-below-stick-meta":"","astra-migrate-meta-layouts":"default","ast-page-background-enabled":"default","ast-page-background-meta":{"desktop":{"background-color":"var(--ast-global-color-4)","background-image":"","background-repeat":"repeat","background-position":"center center","background-size":"auto","background-attachment":"scroll","background-type":"","background-media":"","overlay-type":"","overlay-color":"","overlay-opacity":"","overlay-gradient":""},"tablet":{"background-color":"","background-image":"","background-repeat":"repeat","background-position":"center center","background-size":"auto","background-attachment":"scroll","background-type":"","background-media":"","overlay-type":"","overlay-color":"","overlay-opacity":"","overlay-gradient":""},"mobile":{"background-color":"","background-image":"","background-repeat":"repeat","background-position":"center center","background-size":"auto","background-attachment":"scroll","background-type":"","background-media":"","overlay-type":"","overlay-color":"","overlay-opacity":"","overlay-gradient":""}},"ast-content-background-meta":{"desktop":{"background-color":"var(--ast-global-color-5)","background-image":"","background-repeat":"repeat","background-position":"center center","background-size":"auto","background-attachment":"scroll","background-type":"","background-media":"","overlay-type":"","overlay-color":"","overlay-opacity":"","overlay-gradient":""},"tablet":{"background-color":"var(--ast-global-color-5)","background-image":"","background-repeat":"repeat","background-position":"center center","background-size":"auto","background-attachment":"scroll","background-type":"","background-media":"","overlay-type":"","overlay-color":"","overlay-opacity":"","overlay-gradient":""},"mobile":{"background-color":"var(--ast-global-color-5)","background-image":"","background-repeat":"repeat","background-position":"center center","background-size":"auto","background-attachment":"scroll","background-type":"","background-media":"","overlay-type":"","overlay-color":"","overlay-opacity":"","overlay-gradient":""}},"footnotes":""},"class_list":["post-50","page","type-page","status-publish","hentry"],"aioseo_notices":[],"_links":{"self":[{"href":"https:\/\/www.bomberospedernales.gob.ec\/index.php\/wp-json\/wp\/v2\/pages\/50","targetHints":{"allow":["GET"]}}],"collection":[{"href":"https:\/\/www.bomberospedernales.gob.ec\/index.php\/wp-json\/wp\/v2\/pages"}],"about":[{"href":"https:\/\/www.bomberospedernales.gob.ec\/index.php\/wp-json\/wp\/v2\/types\/page"}],"author":[{"embeddable":true,"href":"https:\/\/www.bomberospedernales.gob.ec\/index.php\/wp-json\/wp\/v2\/users\/1"}],"replies":[{"embeddable":true,"href":"https:\/\/www.bomberospedernales.gob.ec\/index.php\/wp-json\/wp\/v2\/comments?post=50"}],"version-history":[{"count":7,"href":"https:\/\/www.bomberospedernales.gob.ec\/index.php\/wp-json\/wp\/v2\/pages\/50\/revisions"}],"predecessor-version":[{"id":183,"href":"https:\/\/www.bomberospedernales.gob.ec\/index.php\/wp-json\/wp\/v2\/pages\/50\/revisions\/183"}],"wp:attachment":[{"href":"https:\/\/www.bomberospedernales.gob.ec\/index.php\/wp-json\/wp\/v2\/media?parent=50"}],"curies":[{"name":"wp","href":"https:\/\/api.w.org\/{rel}","templated":true}]}}