{"id":55,"date":"2022-09-07T16:59:13","date_gmt":"2022-09-07T16:59:13","guid":{"rendered":"https:\/\/www.bomberospedernales.gob.ec\/?page_id=55"},"modified":"2022-09-08T13:01:26","modified_gmt":"2022-09-08T18:01:26","slug":"historia","status":"publish","type":"page","link":"https:\/\/www.bomberospedernales.gob.ec\/index.php\/historia\/","title":{"rendered":"Historia"},"content":{"rendered":"\t\t<div data-elementor-type=\"wp-page\" data-elementor-id=\"55\" class=\"elementor elementor-55\">\n\t\t\t\t\t\t<section class=\"elementor-section elementor-top-section elementor-element elementor-element-5e6dcbd9 elementor-section-height-min-height elementor-section-boxed elementor-section-height-default elementor-section-items-middle\" data-id=\"5e6dcbd9\" data-element_type=\"section\" data-settings=\"{&quot;background_background&quot;:&quot;classic&quot;}\">\n\t\t\t\t\t\t<div class=\"elementor-container elementor-column-gap-default\">\n\t\t\t\t\t<div class=\"elementor-column elementor-col-100 elementor-top-column elementor-element elementor-element-5c2b56c2\" data-id=\"5c2b56c2\" data-element_type=\"column\">\n\t\t\t<div class=\"elementor-widget-wrap elementor-element-populated\">\n\t\t\t\t\t\t<div class=\"elementor-element elementor-element-733fbf7c elementor-widget elementor-widget-heading\" data-id=\"733fbf7c\" data-element_type=\"widget\" data-widget_type=\"heading.default\">\n\t\t\t\t<div class=\"elementor-widget-container\">\n\t\t\t\t\t<h2 class=\"elementor-heading-title elementor-size-default\">Historia<\/h2>\t\t\t\t<\/div>\n\t\t\t\t<\/div>\n\t\t\t\t\t<\/div>\n\t\t<\/div>\n\t\t\t\t\t<\/div>\n\t\t<\/section>\n\t\t\t\t<section class=\"elementor-section elementor-top-section elementor-element elementor-element-0e60e84 elementor-section-boxed elementor-section-height-default elementor-section-height-default elementor-invisible\" data-id=\"0e60e84\" data-element_type=\"section\" data-settings=\"{&quot;animation&quot;:&quot;fadeIn&quot;}\">\n\t\t\t\t\t\t<div class=\"elementor-container elementor-column-gap-default\">\n\t\t\t\t\t<div class=\"elementor-column elementor-col-100 elementor-top-column elementor-element elementor-element-986fa3d\" data-id=\"986fa3d\" data-element_type=\"column\">\n\t\t\t<div class=\"elementor-widget-wrap elementor-element-populated\">\n\t\t\t\t\t\t<div class=\"elementor-element elementor-element-6315c8a elementor-widget elementor-widget-text-editor\" data-id=\"6315c8a\" data-element_type=\"widget\" data-widget_type=\"text-editor.default\">\n\t\t\t\t<div class=\"elementor-widget-container\">\n\t\t\t\t\t\t\t\t\t<p>Esto lo confirmaron varios personajes que fueron miembros activos y voluntarios, participe como los primeros jefes encargados del Cuerpo de Bomberos de Pedernales. Siendo entre ellos los siguientes se\u00f1ores;<\/p><p><strong>Carlos Berm\u00fadez Garc\u00eda,<\/strong> 1986<\/p><p><strong>Edgar Mera Rivadeneira<\/strong>, 1990<\/p><p><strong>Humboldt Mendoza<\/strong>, 1992<\/p><p>Luego en el a\u00f1o 1996 se le encarga al <strong>Sr. Francisco Mero Nevares<\/strong>, como Jefe encargado del Cuerpo de Bomberos de Pedernales, AdHonoren, desde ese entonces se le da apertura de funcionamiento y de servicio a la comunidad con 16 Bomberos Voluntarios, con una peque\u00f1a oficina ubicada en la Av. Plaza Acosta entre las calles Velasco Ibarra y Gonzales Suarez, en esa administraci\u00f3n, en el a\u00f1o 1998 se recibi\u00f3 una flamante unidad carro motobomba para el Cuerpo de Bomberos de Pedernales, la misma que fue <strong>donada <\/strong>por el <u>Gobierno del Ex Presidente de la Republica Dr. Jamil Mahuad<\/u>, luego la Instituci\u00f3n\u00a0 vive unos tiempos de transici\u00f3n por asuntos pol\u00edticos, dejando de ser Jefe del Cuerpo de Bomberos el Sr Francisco Mero Nev\u00e0rez, entregando el cargo en el a\u00f1o 2003.<\/p><p>En ese mismo a\u00f1o, siendo ya presidente de la Republica el Coronel Lucio Guti\u00e9rrez Burb\u00faa, se sustituye el cargo de jefe del Cuerpo de Bomberos el <strong>Sr. Ram\u00f3n Zamora Loor<\/strong>, cargo que fue por el tiempo de 11 meses. A mediados del a\u00f1o 2004 asume el cargo el <strong>Sr. Francisco Ulloa Moina<\/strong> como Jefe del Cuerpo de Bomberos de Pedernales, quien tambi\u00e9n estuvo en el cargo por el tiempo de 1 a\u00f1o aproximadamente.<\/p><p>En el a\u00f1o 2005 el presidente Lucio Guti\u00e9rrez Burb\u00f9a fue destituido de su gobierno, asumiendo la Presidencia de la Republica el <strong>Dr. Alfredo Palacio<\/strong> <strong>Gonzales,<\/strong> en la cual el Sr Francisco Ulloa Moina, deja de ser jefe del Cuerpo de Bomberos de Pedernales.<\/p><p>En vista a esa situaci\u00f3n pol\u00edtica, la Direcci\u00f3n Nacional de Defensa Contra Incendios, en cumplimiento a las normativas legales vigentes en ese tiempo, pide una TERNA conformada por los mismo Bomberos para nombrar al Jefe Titular del Cuerpo de Bomberos del Cant\u00f3n Pedernales, una vez presentada la documentaci\u00f3n solicitada, el Dr. Alberto Rigail Arosemena, <strong>Ministro de Bienestar Social<\/strong>, nombra al <strong>Sr. Milton Reinaldo Canchingre Arteaga,<\/strong> como Jefe Titular del Cuerpo de Bomberos del Cant\u00f3n Pedernales, desde el 23 de noviembre del a\u00f1o 2005, el mismo que se ha mantenido en funciones hasta la actualidad, quien ha trabajado de forma permanente a favor de esa Entidad Bomberil, desde all\u00ed se ha dado un crecimiento sostenible y sustentable, con proyectos y directrices enfocado al mejoramiento institucional y de los servicios p\u00fablicos de emergencias para la comunidad.<\/p><p>En los \u00faltimos a\u00f1os se ha mantenido un personal de Bomberos, rentados y voluntarios, en grupos de 24 horas de forma permanente, as\u00ed mismo se ha gestionado m\u00e1s unidades, equipos y herramientas b\u00e1sicas que ayudan a solventar las necesidades de la instituci\u00f3n.<\/p><p>Efectivamente los Cuerpos de Bomberos del Pa\u00eds cumplen un papel muy importante dentro del desarrollo social e institucional en cada jurisdicci\u00f3n, generando confianza en la ciudadan\u00eda y a quienes se les brinda de manera oportuna los servicios de emergencias cuando las eventualidades adversar se presentan<\/p>\t\t\t\t\t\t\t\t<\/div>\n\t\t\t\t<\/div>\n\t\t\t\t\t<\/div>\n\t\t<\/div>\n\t\t\t\t\t<\/div>\n\t\t<\/section>\n\t\t\t\t<\/div>\n\t\t","protected":false},"excerpt":{"rendered":"<p>Historia Esto lo confirmaron varios personajes que fueron miembros activos y voluntarios, participe como los primeros jefes encargados del Cuerpo de Bomberos de Pedernales. Siendo entre ellos los siguientes se\u00f1ores; Carlos Berm\u00fadez Garc\u00eda, 1986 Edgar Mera Rivadeneira, 1990 Humboldt Mendoza, 1992 Luego en el a\u00f1o 1996 se le encarga al Sr. Francisco Mero Nevares, como [&hellip;]<\/p>\n","protected":false},"author":1,"featured_media":0,"parent":0,"menu_order":0,"comment_status":"closed","ping_status":"closed","template":"","meta":{"om_disable_all_campaigns":false,"_monsterinsights_skip_tracking":false,"_monsterinsights_sitenote_active":false,"_monsterinsights_sitenote_note":"","_monsterinsights_sitenote_category":0,"site-sidebar-layout":"no-sidebar","site-content-layout":"page-builder","ast-site-content-layout":"","site-content-style":"default","site-sidebar-style":"default","ast-global-header-display":"","ast-banner-title-visibility":"","ast-main-header-display":"","ast-hfb-above-header-display":"","ast-hfb-below-header-display":"","ast-hfb-mobile-header-display":"","site-post-title":"disabled","ast-breadcrumbs-content":"","ast-featured-img":"disabled","footer-sml-layout":"","theme-transparent-header-meta":"","adv-header-id-meta":"","stick-header-meta":"","header-above-stick-meta":"","header-main-stick-meta":"","header-below-stick-meta":"","astra-migrate-meta-layouts":"default","ast-page-background-enabled":"default","ast-page-background-meta":{"desktop":{"background-color":"var(--ast-global-color-4)","background-image":"","background-repeat":"repeat","background-position":"center center","background-size":"auto","background-attachment":"scroll","background-type":"","background-media":"","overlay-type":"","overlay-color":"","overlay-opacity":"","overlay-gradient":""},"tablet":{"background-color":"","background-image":"","background-repeat":"repeat","background-position":"center center","background-size":"auto","background-attachment":"scroll","background-type":"","background-media":"","overlay-type":"","overlay-color":"","overlay-opacity":"","overlay-gradient":""},"mobile":{"background-color":"","background-image":"","background-repeat":"repeat","background-position":"center center","background-size":"auto","background-attachment":"scroll","background-type":"","background-media":"","overlay-type":"","overlay-color":"","overlay-opacity":"","overlay-gradient":""}},"ast-content-background-meta":{"desktop":{"background-color":"var(--ast-global-color-5)","background-image":"","background-repeat":"repeat","background-position":"center center","background-size":"auto","background-attachment":"scroll","background-type":"","background-media":"","overlay-type":"","overlay-color":"","overlay-opacity":"","overlay-gradient":""},"tablet":{"background-color":"var(--ast-global-color-5)","background-image":"","background-repeat":"repeat","background-position":"center center","background-size":"auto","background-attachment":"scroll","background-type":"","background-media":"","overlay-type":"","overlay-color":"","overlay-opacity":"","overlay-gradient":""},"mobile":{"background-color":"var(--ast-global-color-5)","background-image":"","background-repeat":"repeat","background-position":"center center","background-size":"auto","background-attachment":"scroll","background-type":"","background-media":"","overlay-type":"","overlay-color":"","overlay-opacity":"","overlay-gradient":""}},"footnotes":""},"class_list":["post-55","page","type-page","status-publish","hentry"],"aioseo_notices":[],"_links":{"self":[{"href":"https:\/\/www.bomberospedernales.gob.ec\/index.php\/wp-json\/wp\/v2\/pages\/55","targetHints":{"allow":["GET"]}}],"collection":[{"href":"https:\/\/www.bomberospedernales.gob.ec\/index.php\/wp-json\/wp\/v2\/pages"}],"about":[{"href":"https:\/\/www.bomberospedernales.gob.ec\/index.php\/wp-json\/wp\/v2\/types\/page"}],"author":[{"embeddable":true,"href":"https:\/\/www.bomberospedernales.gob.ec\/index.php\/wp-json\/wp\/v2\/users\/1"}],"replies":[{"embeddable":true,"href":"https:\/\/www.bomberospedernales.gob.ec\/index.php\/wp-json\/wp\/v2\/comments?post=55"}],"version-history":[{"count":7,"href":"https:\/\/www.bomberospedernales.gob.ec\/index.php\/wp-json\/wp\/v2\/pages\/55\/revisions"}],"predecessor-version":[{"id":180,"href":"https:\/\/www.bomberospedernales.gob.ec\/index.php\/wp-json\/wp\/v2\/pages\/55\/revisions\/180"}],"wp:attachment":[{"href":"https:\/\/www.bomberospedernales.gob.ec\/index.php\/wp-json\/wp\/v2\/media?parent=55"}],"curies":[{"name":"wp","href":"https:\/\/api.w.org\/{rel}","templated":true}]}}